{"id":133,"date":"2021-12-08T02:31:49","date_gmt":"2021-12-08T02:31:49","guid":{"rendered":"https:\/\/janinacooper.cl\/?page_id=133"},"modified":"2024-04-01T01:02:00","modified_gmt":"2024-04-01T01:02:00","slug":"requisitos-de-arrendamiento","status":"publish","type":"page","link":"https:\/\/janinacooper.cl\/?page_id=133","title":{"rendered":"Requisitos de arrendamiento"},"content":{"rendered":"\n<div class=\"wp-block-columns alignfull is-layout-flex wp-container-core-columns-is-layout-9d6595d7 wp-block-columns-is-layout-flex\">\n<div class=\"wp-block-column is-layout-flow wp-block-column-is-layout-flow\" style=\"flex-basis:33.33%\">\n<div class=\"wp-block-cover is-light\"><span aria-hidden=\"true\" class=\"wp-block-cover__background has-primary-background-color has-background-dim-100 has-background-dim\"><\/span><div class=\"wp-block-cover__inner-container is-layout-flow wp-block-cover-is-layout-flow\">\n<h2 class=\"wp-block-heading has-background-color has-text-color has-link-color wp-elements-da216de5db06a3f5f7108e07acd27e9b\">Generales<\/h2>\n\n\n\n<ol class=\"has-background-color has-text-color has-link-color wp-block-list wp-elements-f88e4bc0472802f8a708a7e6960d9f21\">\n<li>Copia de carnet de identidad.<\/li>\n\n\n\n<li>Informe de deudas comerciales (DICOM).<\/li>\n<\/ol>\n<\/div><\/div>\n<\/div>\n\n\n\n<div class=\"wp-block-column is-layout-flow wp-block-column-is-layout-flow\" style=\"flex-basis:66.66%\">\n<div class=\"wp-block-cover\"><span aria-hidden=\"true\" class=\"wp-block-cover__background has-accent-background-color has-background-dim-100 has-background-dim\"><\/span><div class=\"wp-block-cover__inner-container is-layout-flow wp-block-cover-is-layout-flow\">\n<p>La persona deber\u00e1 acreditar un ingreso mensual 3 veces mayor al canon del valor del arriendo, de no ser as\u00ed puede completar la renta con un acreditador de cuenta.<\/p>\n\n\n\n<p>Los acreditadores de cuentas deben presentar las 3 ultimas liquidaciones de sueldo.<\/p>\n<\/div><\/div>\n<\/div>\n<\/div>\n\n\n\n<div class=\"wp-block-columns alignfull is-layout-flex wp-container-core-columns-is-layout-9d6595d7 wp-block-columns-is-layout-flex\">\n<div class=\"wp-block-column is-layout-flow wp-block-column-is-layout-flow\">\n<div class=\"wp-block-cover\"><span aria-hidden=\"true\" class=\"wp-block-cover__background has-secondary-background-color has-background-dim-100 has-background-dim\"><\/span><div class=\"wp-block-cover__inner-container is-layout-flow wp-block-cover-is-layout-flow\">\n<h3 class=\"wp-block-heading\">Si es empleado:<\/h3>\n\n\n\n<ol class=\"wp-block-list\" id=\"block-8d9c7150-c8df-4d1c-a54e-4d012d3df458\">\n<li>Contrato o certificado laboral.<\/li>\n\n\n\n<li>Ultimas tres liquidaciones de sueldo.<\/li>\n\n\n\n<li>Documentos que acrediten otras fuentes de ingresos (Si hay).<\/li>\n<\/ol>\n<\/div><\/div>\n<\/div>\n\n\n\n<div class=\"wp-block-column is-layout-flow wp-block-column-is-layout-flow\">\n<div class=\"wp-block-cover\"><span aria-hidden=\"true\" class=\"wp-block-cover__background has-secondary-background-color has-background-dim-100 has-background-dim\"><\/span><div class=\"wp-block-cover__inner-container is-layout-flow wp-block-cover-is-layout-flow\">\n<h3 class=\"wp-block-heading\">Si es trabajador independiente:<\/h3>\n\n\n\n<ol class=\"wp-block-list\" id=\"block-8d9c7150-c8df-4d1c-a54e-4d012d3df458\">\n<li>Documentos que acrediten las fuentes de ingresos.<\/li>\n\n\n\n<li>Copia de la ultima declaraci\u00f3n de renta.<\/li>\n\n\n\n<li>Boleta y\/o bolet\u00edn de informe comercial.<\/li>\n<\/ol>\n<\/div><\/div>\n<\/div>\n<\/div>\n\n\n\n<div class=\"wp-block-columns alignfull is-layout-flex wp-container-core-columns-is-layout-9d6595d7 wp-block-columns-is-layout-flex\">\n<div class=\"wp-block-column is-layout-flow wp-block-column-is-layout-flow\">\n<div class=\"wp-block-cover\"><span aria-hidden=\"true\" class=\"wp-block-cover__background has-secondary-background-color has-background-dim-100 has-background-dim\"><\/span><div class=\"wp-block-cover__inner-container is-layout-flow wp-block-cover-is-layout-flow\">\n<h3 class=\"wp-block-heading\">Si es persona jur\u00eddica:<\/h3>\n\n\n\n<ol class=\"wp-block-list\" id=\"block-8d9c7150-c8df-4d1c-a54e-4d012d3df458\">\n<li>Certificado de vigencia.<\/li>\n\n\n\n<li>Certificado de comparec\u00eda (representante legal).<\/li>\n\n\n\n<li>Copia de la ultima declaraci\u00f3n de renta.<\/li>\n\n\n\n<li>Copia de carnet de identidad de representante legal.<\/li>\n\n\n\n<li>Copia del pago de los 3 \u00faltimos IVA.<\/li>\n\n\n\n<li>Copia de declaraci\u00f3n de renta de los \u00faltimos 2 a\u00f1os.<\/li>\n<\/ol>\n<\/div><\/div>\n<\/div>\n\n\n\n<div class=\"wp-block-column is-layout-flow wp-block-column-is-layout-flow\">\n<div class=\"wp-block-cover\"><span aria-hidden=\"true\" class=\"wp-block-cover__background has-secondary-background-color has-background-dim-100 has-background-dim\"><\/span><div class=\"wp-block-cover__inner-container is-layout-flow wp-block-cover-is-layout-flow\">\n<h4 class=\"wp-block-heading\">Si la sociedad inquilina esta recientemente constituida:<\/h4>\n\n\n\n<ol class=\"wp-block-list\" id=\"block-8d9c7150-c8df-4d1c-a54e-4d012d3df458\">\n<li>Documentaci\u00f3n de los socios que demuestre sus ingresos y capacidad de pago.<\/li>\n<\/ol>\n<\/div><\/div>\n<\/div>\n<\/div>\n\n\n\n<p><\/p>\n","protected":false},"excerpt":{"rendered":"","protected":false},"author":1,"featured_media":0,"parent":0,"menu_order":0,"comment_status":"closed","ping_status":"closed","template":"","meta":{"footnotes":""},"class_list":["post-133","page","type-page","status-publish","hentry"],"_links":{"self":[{"href":"https:\/\/janinacooper.cl\/index.php?rest_route=\/wp\/v2\/pages\/133","targetHints":{"allow":["GET"]}}],"collection":[{"href":"https:\/\/janinacooper.cl\/index.php?rest_route=\/wp\/v2\/pages"}],"about":[{"href":"https:\/\/janinacooper.cl\/index.php?rest_route=\/wp\/v2\/types\/page"}],"author":[{"embeddable":true,"href":"https:\/\/janinacooper.cl\/index.php?rest_route=\/wp\/v2\/users\/1"}],"replies":[{"embeddable":true,"href":"https:\/\/janinacooper.cl\/index.php?rest_route=%2Fwp%2Fv2%2Fcomments&post=133"}],"version-history":[{"count":5,"href":"https:\/\/janinacooper.cl\/index.php?rest_route=\/wp\/v2\/pages\/133\/revisions"}],"predecessor-version":[{"id":377,"href":"https:\/\/janinacooper.cl\/index.php?rest_route=\/wp\/v2\/pages\/133\/revisions\/377"}],"wp:attachment":[{"href":"https:\/\/janinacooper.cl\/index.php?rest_route=%2Fwp%2Fv2%2Fmedia&parent=133"}],"curies":[{"name":"wp","href":"https:\/\/api.w.org\/{rel}","templated":true}]}}